{"id":18,"date":"2023-03-23T15:50:57","date_gmt":"2023-03-23T14:50:57","guid":{"rendered":"https:\/\/nestor-crm.com\/?product=hoodie-with-logo"},"modified":"2023-03-23T16:32:30","modified_gmt":"2023-03-23T15:32:30","slug":"hoodie-with-logo","status":"publish","type":"product","link":"https:\/\/nestor-crm.com\/?product=hoodie-with-logo","title":{"rendered":"Windstr\u00f6\u00f6m 24 Haushalt"},"content":{"rendered":"<p>Windstr\u00f6\u00f6m 24 Haushalt<\/p>\n","protected":false},"excerpt":{"rendered":"<p>Windstr\u00f6\u00f6m 24 Haushalt<\/p>\n","protected":false},"featured_media":21,"comment_status":"open","ping_status":"closed","template":"","meta":{"_mi_skip_tracking":false},"product_cat":[19],"product_tag":[],"_links":{"self":[{"href":"https:\/\/nestor-crm.com\/index.php?rest_route=\/wp\/v2\/product\/18"}],"collection":[{"href":"https:\/\/nestor-crm.com\/index.php?rest_route=\/wp\/v2\/product"}],"about":[{"href":"https:\/\/nestor-crm.com\/index.php?rest_route=\/wp\/v2\/types\/product"}],"replies":[{"embeddable":true,"href":"https:\/\/nestor-crm.com\/index.php?rest_route=%2Fwp%2Fv2%2Fcomments&post=18"}],"wp:featuredmedia":[{"embeddable":true,"href":"https:\/\/nestor-crm.com\/index.php?rest_route=\/wp\/v2\/media\/21"}],"wp:attachment":[{"href":"https:\/\/nestor-crm.com\/index.php?rest_route=%2Fwp%2Fv2%2Fmedia&parent=18"}],"wp:term":[{"taxonomy":"product_cat","embeddable":true,"href":"https:\/\/nestor-crm.com\/index.php?rest_route=%2Fwp%2Fv2%2Fproduct_cat&post=18"},{"taxonomy":"product_tag","embeddable":true,"href":"https:\/\/nestor-crm.com\/index.php?rest_route=%2Fwp%2Fv2%2Fproduct_tag&post=18"}],"curies":[{"name":"wp","href":"https:\/\/api.w.org\/{rel}","templated":true}]}}